{"id":488,"date":"2025-10-14T12:02:27","date_gmt":"2025-10-14T12:02:27","guid":{"rendered":"https:\/\/ancorascm.ro\/?page_id=488"},"modified":"2026-02-13T05:06:49","modified_gmt":"2026-02-13T05:06:49","slug":"contact","status":"publish","type":"page","link":"https:\/\/ancorascm.ro\/en\/contact\/","title":{"rendered":"Contact"},"content":{"rendered":"<div class=\"brz brz-root__container brz-reset-all brz-root__container-page\">\n<section id=\"kp6v9Hg4IT0y_kp6v9Hg4IT0y\" class=\"brz-section brz-css-6iio93 brz-css-123wha\">\n<div class=\"brz-section__content brz-section--boxed brz-css-9fz0q brz-css-15d6w8g\" data-brz-custom-id=\"hUscXIfK_hWY\">\n<div class=\"brz-bg\">\n<div class=\"brz-bg-image\"><\/div>\n<div class=\"brz-bg-color\"><\/div>\n<\/div>\n<div class=\"brz-container brz-css-1aij4bh brz-css-ndivp0\">\n<div id=\"\" class=\"brz-css-1r86yns brz-css-z0jcff brz-wrapper\">\n<div class=\"brz-rich-text brz-rich-text__custom brz-css-1ew3th5 brz-css-1iys31n\" data-brz-custom-id=\"zynorKE8ci7L\">\n<div data-brz-translate-text=\"1\">\n<h1 class=\"brz-tp-lg-heading1 brz-text-lg-center brz-css-k8SPQ\" data-generated-css=\"brz-css-p5rkV\" data-uniq-id=\"rr8cl\"><span class=\"brz-cp-color8\">Contact Us<\/span><\/h1>\n<\/div>\n<\/div>\n<\/div>\n<div id=\"\" class=\"brz-css-1r86yns brz-css-1yq75bh brz-wrapper\">\n<div class=\"brz-rich-text brz-rich-text__custom brz-css-1ew3th5 brz-css-tgu5iw\" data-brz-custom-id=\"oKCGxLzDwC5x\">\n<div data-brz-translate-text=\"1\">\n<p class=\"brz-tp-lg-subtitle brz-text-lg-center brz-css-pPjaG\" data-generated-css=\"brz-css-dgo3m\" data-uniq-id=\"lNlbC\"><span class=\"brz-cp-color8\">We are here to answer your questions.<\/span><\/p>\n<\/div>\n<\/div>\n<\/div>\n<\/div>\n<\/div>\n<\/section>\n<section id=\"ns2q9rMr6u9b_ns2q9rMr6u9b\" class=\"brz-section brz-css-d-section brz-css-xqrzjo\">\n<div class=\"brz-section__content brz-section--boxed brz-css-d-sectionitem-bg brz-css-iwl0qb\" data-brz-custom-id=\"zg4cxuFHfqZw\">\n<div class=\"brz-container brz-css-d-sectionitem-container brz-css-1jv8unz\">\n<div class=\"brz-row__container brz-css-d-row-row brz-css-14okfbo\" data-brz-custom-id=\"byHI_ZBRZ0A6\">\n<div class=\"brz-row brz-css-d-row-container brz-css-1ilrvpi\">\n<div class=\"brz-columns brz-css-d-column-column brz-css-17ox9wl\" data-brz-custom-id=\"sga6PPMtBaDW\">\n<div class=\"brz-column__items brz-css-d-column-bg brz-css-1sgubct\">\n<div id=\"\" class=\"brz-css-d-wrapper brz-css-ujvkwj brz-wrapper\">\n<div class=\"brz-rich-text brz-rich-text__custom brz-css-d-richtext brz-css-1dbyqy4\" data-brz-custom-id=\"xCMVsgqUUWyN\">\n<div data-brz-translate-text=\"1\">\n<h3 data-generated-css=\"brz-css-vAgxd\" data-uniq-id=\"a9wvM\" class=\"brz-tp-lg-heading3 brz-css-xjqbf\"><span class=\"brz-cp-color2\">Contact Information<\/span><\/h3>\n<\/div>\n<\/div>\n<\/div>\n<div id=\"\" class=\"brz-css-d-wrapper brz-css-zm2zge brz-wrapper\">\n<div class=\"brz-icon-text brz-css-d-icontext brz-css-14khatp\" data-brz-custom-id=\"aEymJYnGnpMj\">\n<div class=\"brz-icon__container\" data-brz-custom-id=\"a6fBSPsV9XAd\"><span class=\"brz-icon brz-span brz-css-d-icon-icon brz-css-7crpok\"><\/span><\/div>\n<div class=\"brz-text-btn\">\n<div class=\"brz-rich-text brz-rich-text__custom brz-css-d-richtext brz-css-1lkllbe\" data-brz-custom-id=\"zn_HIf0jrK4D\">\n<div data-brz-translate-text=\"1\">\n<h5 data-uniq-id=\"llqoi\" data-generated-css=\"brz-css-lZhJ7\" class=\"brz-tp-lg-heading5 brz-css-q3nF8\"><span class=\"brz-cp-color4\">Headquarters<\/span><\/h5>\n<\/div>\n<\/div>\n<\/div>\n<\/div>\n<\/div>\n<div id=\"\" class=\"brz-css-d-wrapper brz-css-mdcr34 brz-wrapper\">\n<div class=\"brz-rich-text brz-rich-text__custom brz-css-d-richtext brz-css-703ceg\" data-brz-custom-id=\"bkwuzWHYEeLi\">\n<div data-brz-translate-text=\"1\">\n<p class=\"brz-tp-lg-paragraph brz-css-gfEoh\" data-generated-css=\"brz-css-qPlH6\" data-uniq-id=\"tnvjC\"><span class=\"brz-cp-color7\">Calea Prutului, nr. 17, Gala\u021bi, Rom\u00e2nia, 800205<\/span><\/p>\n<\/div>\n<\/div>\n<\/div>\n<div id=\"\" class=\"brz-css-d-wrapper brz-css-17ihyd7 brz-wrapper\">\n<div class=\"brz-icon-text brz-css-d-icontext brz-css-owtzb8\" data-brz-custom-id=\"ubm6z1pypPZi\">\n<div class=\"brz-icon__container\" data-brz-custom-id=\"qjf5QkPQYQ_1\"><span class=\"brz-icon brz-span brz-css-d-icon-icon brz-css-1mq3pmu\"><\/span><\/div>\n<div class=\"brz-text-btn\">\n<div class=\"brz-rich-text brz-rich-text__custom brz-css-d-richtext brz-css-1v3wqds\" data-brz-custom-id=\"m1VU8swkmrUs\">\n<div data-brz-translate-text=\"1\">\n<h5 data-uniq-id=\"llqoi\" data-generated-css=\"brz-css-lZhJ7\" class=\"brz-tp-lg-heading5 brz-css-jW3Iw\"><span class=\"brz-cp-color4\">Phones<\/span><\/h5>\n<\/div>\n<\/div>\n<\/div>\n<\/div>\n<\/div>\n<div id=\"\" class=\"brz-css-d-wrapper brz-css-xfxec8 brz-wrapper\">\n<div class=\"brz-rich-text brz-rich-text__custom brz-css-d-richtext brz-css-1lvm9mq\" data-brz-custom-id=\"zBf27T5xZkEw\">\n<div data-brz-translate-text=\"1\">\n<p class=\"brz-tp-lg-paragraph brz-css-wNyKi\" data-generated-css=\"brz-css-oaAsI\" data-uniq-id=\"xvTQi\"><strong class=\"brz-cp-color7\">Secretariat:<\/strong><span class=\"brz-cp-color7\"> +40 336 730 138<\/span><\/p>\n<p class=\"brz-tp-lg-paragraph brz-css-wVC3d\" data-generated-css=\"brz-css-qfM2J\" data-uniq-id=\"nKeTH\"><strong class=\"brz-cp-color7\">Fax:<\/strong><span class=\"brz-cp-color7\"> +40 372 899 040<\/span><\/p>\n<p class=\"brz-tp-lg-paragraph brz-css-h7dKj\" data-generated-css=\"brz-css-jR1eo\" data-uniq-id=\"rR75_\"><strong class=\"brz-cp-color7\">Sales:<\/strong><span class=\"brz-cp-color7\"> +40 336 730 140<\/span><\/p>\n<p class=\"brz-tp-lg-paragraph brz-css-oWfZl\" data-generated-css=\"brz-css-cXlN2\" data-uniq-id=\"x8wQ4\"><strong class=\"brz-cp-color7\">Sales Mobile:<\/strong><span class=\"brz-cp-color7\"> +40 733 001 764<\/span><\/p>\n<\/div>\n<\/div>\n<\/div>\n<div id=\"\" class=\"brz-css-d-wrapper brz-css-ls3x5h brz-wrapper\">\n<div class=\"brz-icon-text brz-css-d-icontext brz-css-7q2wt1\" data-brz-custom-id=\"zCnQxADi9P6x\">\n<div class=\"brz-icon__container\" data-brz-custom-id=\"gY4EmtrZ1jAk\"><span class=\"brz-icon brz-span brz-css-d-icon-icon brz-css-1voxm1t\"><\/span><\/div>\n<div class=\"brz-text-btn\">\n<div class=\"brz-rich-text brz-rich-text__custom brz-css-d-richtext brz-css-1tmgyhk\" data-brz-custom-id=\"wLBlzxpcXYFu\">\n<div data-brz-translate-text=\"1\">\n<h5 class=\"brz-tp-lg-heading5 brz-css-ct1u8\" data-generated-css=\"brz-css-vbaad\" data-uniq-id=\"jERjA\"><span class=\"brz-cp-color4\">Email<\/span><\/h5>\n<\/div>\n<\/div>\n<\/div>\n<\/div>\n<\/div>\n<div id=\"\" class=\"brz-css-d-wrapper brz-css-6bt6ey brz-wrapper\">\n<div class=\"brz-rich-text brz-rich-text__custom brz-css-d-richtext brz-css-gwfvyq\" data-brz-custom-id=\"kKbSy0G3acob\">\n<div data-brz-translate-text=\"1\">\n<p class=\"brz-tp-lg-paragraph brz-css-y_rFb\" data-generated-css=\"brz-css-toIXI\" data-uniq-id=\"mml8a\"><span class=\"brz-cp-color7\">office@ancorascm.ro<\/span><\/p>\n<\/div>\n<\/div>\n<\/div>\n<div id=\"\" class=\"brz-css-d-wrapper brz-css-q79m1k brz-wrapper\">\n<div class=\"brz-icon-text brz-css-d-icontext brz-css-ynz3jg\" data-brz-custom-id=\"diXH8jlcZyyd\">\n<div class=\"brz-icon__container\" data-brz-custom-id=\"nuIMf9pe5U5l\"><span class=\"brz-icon brz-span brz-css-d-icon-icon brz-css-1vvfle9\"><\/span><\/div>\n<div class=\"brz-text-btn\">\n<div class=\"brz-rich-text brz-rich-text__custom brz-css-d-richtext brz-css-38xeuf\" data-brz-custom-id=\"gLESRNn9zMb5\">\n<div data-brz-translate-text=\"1\">\n<h5 class=\"brz-tp-lg-heading5 brz-css-oLfqo\" data-generated-css=\"brz-css-vbaad\" data-uniq-id=\"jERjA\"><span class=\"brz-cp-color4\">Fiscal Data<\/span><\/h5>\n<\/div>\n<\/div>\n<\/div>\n<\/div>\n<\/div>\n<div id=\"\" class=\"brz-css-d-wrapper brz-css-1dp6xfi brz-wrapper\">\n<div class=\"brz-rich-text brz-rich-text__custom brz-css-d-richtext brz-css-e46q6f\" data-brz-custom-id=\"qrDGwMvhpGnx\">\n<div data-brz-translate-text=\"1\">\n<p class=\"brz-tp-lg-paragraph brz-css-fL5xq\" data-generated-css=\"brz-css-e2IC8\" data-uniq-id=\"y5Srp\"><strong class=\"brz-cp-color7\">ANCORA S.C.M.<\/strong><\/p>\n<p class=\"brz-tp-lg-paragraph brz-css-zGuNS\" data-generated-css=\"brz-css-yr9Me\" data-uniq-id=\"leqgY\"><strong class=\"brz-cp-color7\">Trade Registry Number:<\/strong><span class=\"brz-cp-color7\"> <\/span><span class=\"brz-cp-color7\" style=\"background-color: transparent\">C2005000031176<\/span><\/p>\n<p class=\"brz-tp-lg-paragraph brz-css-pOCSc\" data-generated-css=\"brz-css-yr9Me\" data-uniq-id=\"leqgY\"><strong class=\"brz-cp-color7\">VAT ID (CUI):<\/strong><span class=\"brz-cp-color7\"> RO14245833<\/span><\/p>\n<\/div>\n<\/div>\n<\/div>\n<div id=\"\" class=\"brz-css-d-wrapper brz-css-1u4msrj brz-wrapper\">\n<div class=\"brz-line brz-line-default brz-css-d-line brz-css-1btlul2\" data-brz-custom-id=\"zyC5NwXPA6zh\">\n<hr class=\"brz-hr\"><\/div>\n<\/div>\n<div id=\"\" class=\"brz-css-d-wrapper brz-css-ul08wc brz-wrapper\">\n<div class=\"brz-rich-text brz-rich-text__custom brz-css-d-richtext brz-css-gzvzay\" data-brz-custom-id=\"yuhdpSCY7E3H\">\n<div data-brz-translate-text=\"1\">\n<h4 data-uniq-id=\"wgCPf\" data-generated-css=\"brz-css-kRaR9\" class=\"brz-tp-lg-heading4 brz-css-tKMzO\"><span class=\"brz-cp-color2\">Contacts<\/span><\/h4>\n<\/div>\n<\/div>\n<\/div>\n<div id=\"\" class=\"brz-css-d-wrapper brz-css-1x19mlk brz-wrapper\">\n<div class=\"brz-rich-text brz-rich-text__custom brz-css-d-richtext brz-css-vj20nh\" data-brz-custom-id=\"elMeNX3SjJfY\">\n<div data-brz-translate-text=\"1\">\n<p class=\"brz-tp-lg-paragraph brz-css-sXAXo\" data-generated-css=\"brz-css-afT1R\" data-uniq-id=\"o1ZSJ\"><strong class=\"brz-cp-color2\">Eng. Mihai \u021aimp\u0103u<\/strong><\/p>\n<p class=\"brz-tp-lg-paragraph brz-css-xVPaD\" data-generated-css=\"brz-css-i61Wk\" data-uniq-id=\"sEALP\"><span class=\"brz-cp-color7\">Sole Administrator<\/span><\/p>\n<p class=\"brz-tp-lg-paragraph brz-css-gH9eK\" data-generated-css=\"brz-css-gIJR5\" data-uniq-id=\"dn6h0\"><a class=\"brz-cp-color4 link--external\" href=\"tel:+40722208652\" data-brz-link-type=\"external\"><strong>Mobile: +40 722 208 652<\/strong><\/a><\/p>\n<\/div>\n<\/div>\n<\/div>\n<div id=\"\" class=\"brz-css-d-wrapper brz-css-f0iqcd brz-wrapper\">\n<div class=\"brz-rich-text brz-rich-text__custom brz-css-d-richtext brz-css-1s3sqq8\" data-brz-custom-id=\"ev9KEHdONuEU\">\n<div data-brz-translate-text=\"1\">\n<p class=\"brz-tp-lg-paragraph brz-css-fJVWb\" data-uniq-id=\"aM5tS\" data-generated-css=\"brz-css-yzmk7\"><strong class=\"brz-cp-color1\">Marketing Office<\/strong><\/p>\n<p class=\"brz-tp-lg-paragraph brz-css-f5m4j\" data-uniq-id=\"k6GgB\" data-generated-css=\"brz-css-pKZSA\"><a class=\"link--external brz-cp-color4\" href=\"tel:+40733001762\" data-brz-link-type=\"external\"><strong>Mobile: +40 733 001 762<\/strong><\/a><\/p>\n<\/div>\n<\/div>\n<\/div>\n<div id=\"\" class=\"brz-css-d-wrapper brz-css-uxcmir brz-wrapper\">\n<div class=\"brz-rich-text brz-rich-text__custom brz-css-d-richtext brz-css-15xi8su\" data-brz-custom-id=\"r2QhUlfOqX52\">\n<div data-brz-translate-text=\"1\">\n<p class=\"brz-tp-lg-paragraph brz-css-dduUn\" data-generated-css=\"brz-css-jMsxt\" data-uniq-id=\"zS51j\"><strong class=\"brz-cp-color2\">Carp Ana-Maria<\/strong><\/p>\n<p class=\"brz-tp-lg-paragraph brz-css-kLH7w\" data-generated-css=\"brz-css-aMxPR\" data-uniq-id=\"lpcbI\"><span class=\"brz-cp-color7\">Commercial Department, Distribution, Sales<\/span><\/p>\n<p class=\"brz-tp-lg-paragraph brz-css-sURzn\" data-generated-css=\"brz-css-vS9Hi\" data-uniq-id=\"xE5SJ\"><a class=\"link--external brz-cp-color4\" href=\"tel:\" data-brz-link-type=\"external\"><strong>Landline: <\/strong><\/a><a class=\"brz-cp-color4 link--external\" href=\"tel:+40336730140\" data-brz-link-type=\"external\"><strong>+40 336 730 140 <\/strong><\/a><\/p>\n<p class=\"brz-tp-lg-paragraph brz-css-sQ8Hw\" data-generated-css=\"brz-css-zuOcF\" data-uniq-id=\"nlmYA\"><a class=\"link--external brz-cp-color4\" href=\"tel:+40733001764\" data-brz-link-type=\"external\"><strong>Mobile: +40 733 001 764<\/strong><\/a><\/p>\n<\/div>\n<\/div>\n<\/div>\n<\/div>\n<\/div>\n<div class=\"brz-columns brz-css-d-column-column brz-css-154f5d6\" data-brz-custom-id=\"wQVfWRDmVr4T\">\n<div class=\"brz-bg\"><\/div>\n<div class=\"brz-column__items brz-css-d-column-bg brz-css-664isy\">\n<div id=\"\" class=\"brz-css-d-wrapper brz-css-lde4qe brz-wrapper\">\n<div class=\"brz-rich-text brz-rich-text__custom brz-css-d-richtext brz-css-d2czlw\" data-brz-custom-id=\"xvFW8aHmaHyU\">\n<div data-brz-translate-text=\"1\">\n<h4 data-generated-css=\"brz-css-qfwIS\" data-uniq-id=\"uGjea\" class=\"brz-tp-lg-heading4 brz-css-rI8HR\"><span class=\"brz-cp-color2\">Send a Request<\/span><\/h4>\n<\/div>\n<\/div>\n<\/div>\n<div id=\"\" class=\"brz-css-d-wrapper brz-css-do8y1c brz-wrapper\">\n<div data-brz-form-version=\"2\" class=\"brz-forms2 brz-css-d-form2-form brz-css-1c9f191\" data-brz-custom-id=\"qySHjqWjjjuJ\">\n<div data-brz-translate-text=\"1\" class=\"brz-forms2__item brz-css-d-form2fields-fields brz-css-8d3bfi brz-css-d-form2field-field brz-css-hp51s5\"><label class=\"brz-label brz-forms2__field-label\" for=\"zK22KpbotCcy_391771693a16547d4a7c\">Full Name<\/label><\/div>\n<div data-brz-translate-text=\"1\" class=\"brz-forms2__item brz-css-d-form2fields-fields brz-css-8d3bfi brz-css-d-form2field-field brz-css-1qplj2k\"><label class=\"brz-label brz-forms2__field-label\" for=\"xC3XjLYPc_iU_411ca9064844be3140aa\">Company<\/label><\/div>\n<div data-brz-translate-text=\"1\" class=\"brz-forms2__item brz-css-d-form2fields-fields brz-css-8d3bfi brz-css-d-form2field-field brz-css-1m9z6p9\"><label class=\"brz-label brz-forms2__field-label\" for=\"b6w5uYnHbfmh_3fb4add43161aca3c9af\">Email Address<\/label><\/div>\n<div data-brz-translate-text=\"1\" class=\"brz-forms2__item brz-css-d-form2fields-fields brz-css-8d3bfi brz-css-d-form2field-field brz-css-9l0wwe\"><label class=\"brz-label brz-forms2__field-label\" for=\"wofG7I4eORVW_8db61b2eb5fa2c34129e\">Phone<\/label><\/div>\n<div data-brz-translate-text=\"1\" class=\"brz-forms2__item brz-css-d-form2fields-fields brz-css-8d3bfi brz-css-d-form2field-field brz-css-10o6p1a\"><label class=\"brz-label brz-forms2__field-label\" for=\"kWqjq_v9eYOi_84342422909f96ec12bb\">Message <\/label><textarea id=\"kWqjq_v9eYOi_84342422909f96ec12bb\" name=\"lktUiSGEwzOu\" data-brz-type=\"Paragraph\" data-brz-label=\"Cerere Ofert\u0103\/Mesaj \" data-brz-placeholder=\"\" class=\"brz-textarea brz-forms2__field brz-forms2__field-paragraph brz-p-events--none\"><\/textarea><\/div>\n<div data-brz-translate-text=\"1\" class=\"brz-forms2__item brz-css-d-form2fields-fields brz-css-8d3bfi brz-css-d-form2field-field brz-css-txth3i\"><label class=\"brz-label brz-forms2__field-label\" for=\"uJTqrGPxXkuY_0e5f31a030d8e3242cbd\">Privacy Policy<\/label><\/p>\n<div class=\"brz-forms2__field brz-forms2__checkbox\">\n<div class=\"brz-control__check-group brz-forms2__checkbox-options\" data-value=\"Option 1,\">\n<div data-brz-translate-text=\"1\" class=\"brz-control__check-group-option brz-forms2__checkbox-option\"><label class=\"brz-label\" for=\"xKg8R_AydFdO_0e5f31a030d8e3242cbd\"><\/p>\n<div class=\"brz-control__check-group-icon brz-control__check-group--check\"><\/div>\n<div class=\"brz-control__check-group-icon brz-control__check-group--uncheck\"><\/div>\n<p><a class=\"brz-a brz-forms2__checkbox-option-name brz-a brz-underline-on\" target=\"_self\" rel=\"noopener\" href=\"#nJ8HVi1ditBw\" data-brz-link-type=\"popup\">I have read and agree to the processing of personal data. Where to find us<\/a><\/label><\/div>\n<div class=\"brz brz-popup2 brz-popup2__preview brz-popup2__auto brz-popup2--fixed brz-css-d-sectionpopup2 brz-css-cgspla\" id=\"nJ8HVi1ditBw\" data-brz-popup=\"nJ8HVi1ditBw\" data-brz-click_outside_to_close=\"true\" data-brz-once-id=\"nJ8HVi1ditBw\" data-brz-custom-id=\"juzX89IAh4a8\">\n<div class=\"brz-bg\">\n<div class=\"brz-bg-color\"><\/div>\n<\/div>\n<div class=\"brz-popup2__inner brz-d-xs-flex brz-flex-xs-wrap brz-css-d-sectionpopup2-bg brz-css-4axle4\">\n<div class=\"brz-container__wrap\">\n<div class=\"brz-popup2__close\" data-brz-custom-id=\"juzX89IAh4a8--close\"><\/div>\n<div class=\"brz-container\">\n<div class=\"brz-row__container brz-css-d-row-row brz-css-1w6zv2y\" data-brz-custom-id=\"rdHpm_hbv5KL\">\n<div class=\"brz-bg\">\n<div class=\"brz-bg-color\"><\/div>\n<\/div>\n<div class=\"brz-row brz-css-d-row-container brz-css-4hyy8x\">\n<div class=\"brz-columns brz-css-d-column-column brz-css-1kcn7ze\" data-brz-custom-id=\"eY8LqHfFoiGz\">\n<div class=\"brz-column__items brz-css-d-column-bg brz-css-15aoaot\">\n<div id=\"\" class=\"brz-css-d-wrapper brz-css-119wx35 brz-wrapper\">\n<div class=\"brz-rich-text brz-rich-text__custom brz-css-d-richtext brz-css-1dqiwvk\" data-brz-custom-id=\"w6ptztNLL73D\">\n<div data-brz-translate-text=\"1\">\n<p class=\"brz-tp-lg-paragraph brz-css-wOnI_\" data-generated-css=\"brz-css-uAg8Y\" data-uniq-id=\"lM4uN\"><span class=\"brz-cp-color2\">Datele dumneavoastra cu caracter personal sunt necesare pentru ca solicitarea pe care doriti sa o transmiteti prin Formularul de contact sa ajunga la conducerea societatii.<\/span><\/p>\n<p class=\"brz-tp-lg-paragraph brz-css-yktAQ\" data-generated-css=\"brz-css-if5n1\" data-uniq-id=\"eEnok\"><\/p>\n<p class=\"brz-tp-lg-paragraph brz-css-a35gp\" data-generated-css=\"brz-css-facHY\" data-uniq-id=\"kxGka\"><span class=\"brz-cp-color2\">Datele pot fi divulgate destinatarilor sau tertilor numai in conformitate cu dreptul U.E. sau cu dreptul intern.<\/span><\/p>\n<p class=\"brz-tp-lg-paragraph brz-css-lykG1\" data-generated-css=\"brz-css-cOeWf\" data-uniq-id=\"n9qJe\"><\/p>\n<p class=\"brz-tp-lg-paragraph brz-css-hfZvF\" data-generated-css=\"brz-css-wwgDz\" data-uniq-id=\"iN1Z9\"><span class=\"brz-cp-color2\">Potrivit dispozitiilor Regulamentului (UE) 2016\/679 privind protectia persoanelor fizice \u00een ceea ce privste prelucrarea datelor cu caracter personal si privind libera circulatie a acestor date si de abrogare a Directivei 95\/46\/CE (Regulamentul general privind protectia datelor) beneficiati de dreptul de acces, de rectificare, de stergere a datelor cu caracter personal, dreptul de restrictionare a prelucrarii, dreptul de a va opune prelucrarii, dreptul de a va retrage consimtamantul in orice moment, precum si de dreptul de a depune plangere catre Autoritatea Nationala de Supraveghere a Prelucrarii Datelor cu Caracter Personal.<\/span><\/p>\n<p class=\"brz-tp-lg-paragraph brz-css-aSlpX\" data-generated-css=\"brz-css-oge8o\" data-uniq-id=\"wVGKk\"><\/p>\n<p class=\"brz-tp-lg-paragraph brz-css-s6lEb\" data-generated-css=\"brz-css-jn0Cm\" data-uniq-id=\"tNCvY\"><span class=\"brz-cp-color2\">Exercitarea acestor drepturi o puteti face printr-o cerere depusa personal sau trimisa prin posta la sediul nostru ori prin email.<\/span><\/p>\n<p class=\"brz-tp-lg-paragraph brz-css-lAEoq\" data-generated-css=\"brz-css-hkSc6\" data-uniq-id=\"nY0dY\"><\/p>\n<p class=\"brz-tp-lg-paragraph brz-css-oPAxN\" data-generated-css=\"brz-css-mlLCk\" data-uniq-id=\"yWjIL\"><span class=\"brz-cp-color2\">In cazul in care nu doriti sa completati toate datele personale va rugam sa utilizati canale alternative de comunicare cu reprezentantii AncoraSCM.<\/span><\/p>\n<p class=\"brz-tp-lg-paragraph brz-css-eO1NR\" data-generated-css=\"brz-css-k1koA\" data-uniq-id=\"zkc0j\"><\/p>\n<p class=\"brz-tp-lg-paragraph brz-css-moMuv\" data-generated-css=\"brz-css-h7Bkz\" data-uniq-id=\"n6Jj1\"><span class=\"brz-cp-color2\">In caz contrar sunteti de acord cu prelucrarea datelor cu caracter personal.<\/span><\/p>\n<\/div>\n<\/div>\n<\/div>\n<\/div>\n<\/div>\n<\/div>\n<\/div>\n<\/div>\n<\/div>\n<\/div>\n<\/div>\n<\/div>\n<\/div>\n<\/div>\n<div class=\"brz-forms2 brz-forms2__item brz-forms2__item-button\" data-brz-custom-id=\"qySHjqWjjjuJ\"><button class=\"brz-btn brz-btn-submit brz-css-d-button-bg brz-css-utxlq\" data-brz-custom-id=\"eSjrSDVG6jHI\"><span data-brz-translate-text=\"1\" class=\"brz-span brz-text__editor\">Send<\/span><\/button><\/div>\n<div class=\"brz-g-recaptcha\" data-sitekey=\"\" data-size=\"invisible\" data-callback=\"brzFormV2Captcha\"><\/div>\n<\/div>\n<\/div>\n<\/div>\n<\/div>\n<\/div>\n<\/div>\n<div class=\"brz-row__container brz-css-d-row-row brz-css-1x7om9v\" data-brz-custom-id=\"ay7SXbufC_eu\">\n<div class=\"brz-row brz-css-d-row-container brz-css-14x1gt1\">\n<div class=\"brz-columns brz-css-d-column-column brz-css-pjqjac\" data-brz-custom-id=\"amZT_DMnBbMz\">\n<div class=\"brz-column__items brz-css-d-column-bg brz-css-1ovrk8r\">\n<div id=\"\" class=\"brz-css-d-wrapper brz-css-1pwk8kz brz-wrapper\">\n<div class=\"brz-rich-text brz-rich-text__custom brz-css-d-richtext brz-css-dyzugn\" data-brz-custom-id=\"vhDiXyvYaBVm\">\n<div data-brz-translate-text=\"1\">\n<h4 data-uniq-id=\"jEOxf\" data-generated-css=\"brz-css-z5gAu\" class=\"brz-tp-lg-heading4 brz-css-khoz3\"><span class=\"brz-cp-color2\">Where to find us<\/span><\/h4>\n<\/div>\n<\/div>\n<\/div>\n<div id=\"\" class=\"brz-css-d-wrapper brz-css-19vr36h brz-wrapper\">\n<div class=\"brz-map brz-map_styles brz-css-d-map brz-css-b7arh4\" data-brz-custom-id=\"s5FSTXrp7jk4\">\n<div class=\"brz-ui-ed-map-content\"><\/div>\n<\/div>\n<\/div>\n<\/div>\n<\/div>\n<\/div>\n<\/div>\n<\/div>\n<\/div>\n<\/section><\/div>\n<p><!-- version:1764077115 --><\/p>","protected":false},"excerpt":{"rendered":"<p>Contacta\u021bi-ne Suntem aici pentru a r\u0103spunde \u00eentreb\u0103rilor dumneavoastr\u0103. Informa\u021bii de Contact Sediu Calea Prutului, nr. 17, Gala\u021bi, Rom\u00e2nia, 800205 Telefoane [&hellip;]<\/p>\n","protected":false},"author":1,"featured_media":0,"parent":0,"menu_order":0,"comment_status":"closed","ping_status":"closed","template":"brizy-blank-template.php","meta":{"site-sidebar-layout":"default","site-content-layout":"","ast-site-content-layout":"default","site-content-style":"default","site-sidebar-style":"default","ast-global-header-display":"","ast-banner-title-visibility":"","ast-main-header-display":"","ast-hfb-above-header-display":"","ast-hfb-below-header-display":"","ast-hfb-mobile-header-display":"","site-post-title":"","ast-breadcrumbs-content":"","ast-featured-img":"","footer-sml-layout":"","theme-transparent-header-meta":"default","adv-header-id-meta":"","stick-header-meta":"","header-above-stick-meta":"","header-main-stick-meta":"","header-below-stick-meta":"","astra-migrate-meta-layouts":"set","ast-page-background-enabled":"default","ast-page-background-meta":{"desktop":{"background-color":"var(--ast-global-color-5)","background-image":"","background-repeat":"repeat","background-position":"center center","background-size":"auto","background-attachment":"scroll","background-type":"","background-media":"","overlay-type":"","overlay-color":"","overlay-opacity":"","overlay-gradient":""},"tablet":{"background-color":"","background-image":"","background-repeat":"repeat","background-position":"center center","background-size":"auto","background-attachment":"scroll","background-type":"","background-media":"","overlay-type":"","overlay-color":"","overlay-opacity":"","overlay-gradient":""},"mobile":{"background-color":"","background-image":"","background-repeat":"repeat","background-position":"center center","background-size":"auto","background-attachment":"scroll","background-type":"","background-media":"","overlay-type":"","overlay-color":"","overlay-opacity":"","overlay-gradient":""}},"ast-content-background-meta":{"desktop":{"background-color":"var(--ast-global-color-4)","background-image":"","background-repeat":"repeat","background-position":"center center","background-size":"auto","background-attachment":"scroll","background-type":"","background-media":"","overlay-type":"","overlay-color":"","overlay-opacity":"","overlay-gradient":""},"tablet":{"background-color":"var(--ast-global-color-4)","background-image":"","background-repeat":"repeat","background-position":"center center","background-size":"auto","background-attachment":"scroll","background-type":"","background-media":"","overlay-type":"","overlay-color":"","overlay-opacity":"","overlay-gradient":""},"mobile":{"background-color":"var(--ast-global-color-4)","background-image":"","background-repeat":"repeat","background-position":"center center","background-size":"auto","background-attachment":"scroll","background-type":"","background-media":"","overlay-type":"","overlay-color":"","overlay-opacity":"","overlay-gradient":""}},"footnotes":""},"class_list":["post-488","page","type-page","status-publish","hentry"],"brizy_media":[],"_links":{"self":[{"href":"https:\/\/ancorascm.ro\/en\/wp-json\/wp\/v2\/pages\/488","targetHints":{"allow":["GET"]}}],"collection":[{"href":"https:\/\/ancorascm.ro\/en\/wp-json\/wp\/v2\/pages"}],"about":[{"href":"https:\/\/ancorascm.ro\/en\/wp-json\/wp\/v2\/types\/page"}],"author":[{"embeddable":true,"href":"https:\/\/ancorascm.ro\/en\/wp-json\/wp\/v2\/users\/1"}],"replies":[{"embeddable":true,"href":"https:\/\/ancorascm.ro\/en\/wp-json\/wp\/v2\/comments?post=488"}],"version-history":[{"count":0,"href":"https:\/\/ancorascm.ro\/en\/wp-json\/wp\/v2\/pages\/488\/revisions"}],"wp:attachment":[{"href":"https:\/\/ancorascm.ro\/en\/wp-json\/wp\/v2\/media?parent=488"}],"curies":[{"name":"wp","href":"https:\/\/api.w.org\/{rel}","templated":true}]}}